{"id":152,"date":"2011-04-06T16:47:30","date_gmt":"2011-04-06T16:47:30","guid":{"rendered":"http:\/\/.\/?page_id=152"},"modified":"2018-03-30T11:09:05","modified_gmt":"2018-03-30T11:09:05","slug":"legea-transparentei","status":"publish","type":"page","link":"https:\/\/comunagingiova.ro\/?page_id=152","title":{"rendered":"Legea transparentei"},"content":{"rendered":"<p style=\"text-align: center;\"><strong>R A P O A R T E <\/strong><br \/>\n<strong>ale administra\u0163iei\u00a0publice locale\u00a0privind aplicarea Legii nr. 52\/2003 &#8211; <\/strong><br \/>\n<strong>a transparen\u0163ei decizionale \u00een administra\u0163ia public\u0103 precum \u015fi a Legii 544\/2001 &#8211; privind liberul acces al cet\u0103\u0163enilor la informa\u0163iile publice:<\/strong><\/p>\n<p>&nbsp;<\/p>\n<p><a href=\"https:\/\/comunagingiova.ro\/wp-content\/uploads\/2018\/03\/situatie_functionari.pdf\">SITUATIA FUNCTIILOR PUBLICE SI CONTRACTUALE DIN UATC GANGIOVA<\/a><\/p>\n","protected":false},"excerpt":{"rendered":"<p>R A P O A R T E ale administra\u0163iei\u00a0publice locale\u00a0privind aplicarea Legii nr. 52\/2003 &#8211; a transparen\u0163ei decizionale \u00een administra\u0163ia public\u0103 precum \u015fi a Legii 544\/2001 &#8211; privind liberul acces al cet\u0103\u0163enilor la informa\u0163iile publice: &nbsp; SITUATIA FUNCTIILOR PUBLICE SI CONTRACTUALE DIN UATC GANGIOVA<\/p>\n","protected":false},"author":2,"featured_media":0,"parent":138,"menu_order":0,"comment_status":"closed","ping_status":"closed","template":"","meta":{"footnotes":""},"class_list":["post-152","page","type-page","status-publish","hentry"],"_links":{"self":[{"href":"https:\/\/comunagingiova.ro\/index.php?rest_route=\/wp\/v2\/pages\/152","targetHints":{"allow":["GET"]}}],"collection":[{"href":"https:\/\/comunagingiova.ro\/index.php?rest_route=\/wp\/v2\/pages"}],"about":[{"href":"https:\/\/comunagingiova.ro\/index.php?rest_route=\/wp\/v2\/types\/page"}],"author":[{"embeddable":true,"href":"https:\/\/comunagingiova.ro\/index.php?rest_route=\/wp\/v2\/users\/2"}],"replies":[{"embeddable":true,"href":"https:\/\/comunagingiova.ro\/index.php?rest_route=%2Fwp%2Fv2%2Fcomments&post=152"}],"version-history":[{"count":4,"href":"https:\/\/comunagingiova.ro\/index.php?rest_route=\/wp\/v2\/pages\/152\/revisions"}],"predecessor-version":[{"id":1165,"href":"https:\/\/comunagingiova.ro\/index.php?rest_route=\/wp\/v2\/pages\/152\/revisions\/1165"}],"up":[{"embeddable":true,"href":"https:\/\/comunagingiova.ro\/index.php?rest_route=\/wp\/v2\/pages\/138"}],"wp:attachment":[{"href":"https:\/\/comunagingiova.ro\/index.php?rest_route=%2Fwp%2Fv2%2Fmedia&parent=152"}],"curies":[{"name":"wp","href":"https:\/\/api.w.org\/{rel}","templated":true}]}}