{"id":2,"date":"2011-03-29T14:26:21","date_gmt":"2011-03-29T14:26:21","guid":{"rendered":"http:\/\/.\/?page_id=2"},"modified":"2025-02-27T08:44:48","modified_gmt":"2025-02-27T08:44:48","slug":"sample-page","status":"publish","type":"page","link":"https:\/\/comunagingiova.ro\/?page_id=2","title":{"rendered":"Asezarea localitatii"},"content":{"rendered":"<p>Localitatea G\u00e2ngiova se afl\u0103 \u00een partea de sud al jude\u0163ului Dolj.<\/p>\n<p><iframe loading=\"lazy\" width=\"425\" height=\"350\" frameborder=\"0\" scrolling=\"no\" marginheight=\"0\" marginwidth=\"0\" src=\"https:\/\/maps.google.ro\/maps?f=q&amp;source=s_q&amp;hl=ro&amp;geocode=&amp;q=gangiova+dolj+&amp;aq=&amp;sll=44.166445,24.093018&amp;sspn=0.920056,1.908875&amp;gl=ro&amp;ie=UTF8&amp;hq=&amp;hnear=G%C3%A2ngiova,+Dolj&amp;z=13&amp;ll=43.902194,23.855939&amp;output=embed\"><\/iframe><br \/><small><a href=\"http:\/\/maps.google.ro\/maps?f=q&amp;source=embed&amp;hl=ro&amp;geocode=&amp;q=gangiova+dolj+&amp;aq=&amp;sll=44.166445,24.093018&amp;sspn=0.920056,1.908875&amp;gl=ro&amp;ie=UTF8&amp;hq=&amp;hnear=G%C3%A2ngiova,+Dolj&amp;z=13&amp;ll=43.902194,23.855939\" style=\"color:#0000FF;text-align:left\">Vizualizare hart\u0103 m\u0103rit\u0103<\/a><\/small><\/p>\n<p>Coordonatele geografice G\u00e2ngiova:<\/p>\n<p>43.902194 latitudine nordica<br \/>\n23.855939 longitudine estica<\/p>\n","protected":false},"excerpt":{"rendered":"<p>Localitatea G\u00e2ngiova se afl\u0103 \u00een partea de sud al jude\u0163ului Dolj. Vizualizare hart\u0103 m\u0103rit\u0103 Coordonatele geografice G\u00e2ngiova: 43.902194 latitudine nordica 23.855939 longitudine estica<\/p>\n","protected":false},"author":2,"featured_media":0,"parent":264,"menu_order":0,"comment_status":"closed","ping_status":"closed","template":"","meta":{"footnotes":""},"class_list":["post-2","page","type-page","status-publish","hentry"],"_links":{"self":[{"href":"https:\/\/comunagingiova.ro\/index.php?rest_route=\/wp\/v2\/pages\/2","targetHints":{"allow":["GET"]}}],"collection":[{"href":"https:\/\/comunagingiova.ro\/index.php?rest_route=\/wp\/v2\/pages"}],"about":[{"href":"https:\/\/comunagingiova.ro\/index.php?rest_route=\/wp\/v2\/types\/page"}],"author":[{"embeddable":true,"href":"https:\/\/comunagingiova.ro\/index.php?rest_route=\/wp\/v2\/users\/2"}],"replies":[{"embeddable":true,"href":"https:\/\/comunagingiova.ro\/index.php?rest_route=%2Fwp%2Fv2%2Fcomments&post=2"}],"version-history":[{"count":32,"href":"https:\/\/comunagingiova.ro\/index.php?rest_route=\/wp\/v2\/pages\/2\/revisions"}],"predecessor-version":[{"id":2394,"href":"https:\/\/comunagingiova.ro\/index.php?rest_route=\/wp\/v2\/pages\/2\/revisions\/2394"}],"up":[{"embeddable":true,"href":"https:\/\/comunagingiova.ro\/index.php?rest_route=\/wp\/v2\/pages\/264"}],"wp:attachment":[{"href":"https:\/\/comunagingiova.ro\/index.php?rest_route=%2Fwp%2Fv2%2Fmedia&parent=2"}],"curies":[{"name":"wp","href":"https:\/\/api.w.org\/{rel}","templated":true}]}}