{"id":2240,"date":"2024-04-27T15:57:25","date_gmt":"2024-04-27T15:57:25","guid":{"rendered":"http:\/\/www.comunagingiova.ro\/?page_id=2240"},"modified":"2024-06-06T05:19:41","modified_gmt":"2024-06-06T05:19:41","slug":"alegeri-2024","status":"publish","type":"page","link":"https:\/\/comunagingiova.ro\/?page_id=2240","title":{"rendered":"Alegeri 2024"},"content":{"rendered":"<p><a href=\"https:\/\/comunagingiova.ro\/wp-content\/uploads\/2024\/06\/Hotararea-22-05.06.2024.pdf\">Hot\u0103r\u00e2rea 22-05.06.2024<\/a><br \/>\n<a href=\"https:\/\/comunagingiova.ro\/wp-content\/uploads\/2024\/06\/ACREDITARE.pdf\">ACREDITARE<\/a><br \/>\n<a href=\"https:\/\/comunagingiova.ro\/wp-content\/uploads\/2024\/05\/Hotararea-21-31.05.2024.pdf\">Hot\u0103r\u00e2rea 21-31.05.2024<\/a><br \/>\n<a href=\"https:\/\/comunagingiova.ro\/wp-content\/uploads\/2024\/05\/Hotararea-20-31.05.2024.pdf\">Hot\u0103r\u00e2rea 20-31.05.2024<\/a><br \/>\n<a href=\".\/pdf\/2024\/HOT 19-25.05.2024-Inlocuire reprezentant PNL.pdf\">HOT 19-25.05.2024-Inlocuire reprezentant PNL.pdf<\/a><br \/>\n<a href=\".\/pdf\/2024\/HOT 18-25.05.2024-Respingere contestatie.pdf\">HOT 18-25.05.2024-Respingere contestatie.pdf<\/a><br \/>\n<a href=\".\/pdf\/2024\/HOT 17-24.05.2024.pdf\">HOT 17-24.05.2024.pdf<\/a><br \/>\n<a href=\"https:\/\/comunagingiova.ro\/wp-content\/uploads\/2024\/05\/PV-completare-BESV-354.pdf\">PV completare BESV 354<\/a><br \/>\n<a href=\"https:\/\/comunagingiova.ro\/wp-content\/uploads\/2024\/05\/PV-completare-BESV-353.pdf\">PV completare BESV 353<\/a><br \/>\n<a href=\"https:\/\/comunagingiova.ro\/wp-content\/uploads\/2024\/05\/Hotararea-16-22.05.2024.pdf\">Hotar\u0103rea 16-22.05.2024<\/a><br \/>\n<a href=\"https:\/\/comunagingiova.ro\/wp-content\/uploads\/2024\/05\/Hotararea-15-22.05.2024.pdf\">Hot\u0103r\u00e2rea 15-22.05.2024<\/a><br \/>\n<a href=\"https:\/\/comunagingiova.ro\/wp-content\/uploads\/2024\/05\/Hotararea-13-14.05.2024-Solutionare-plangere.pdf\">Hotar\u00e2rea 13-14.05.2024-Solutionare pl\u00e2ngere<\/a><br \/>\n<a href=\"https:\/\/comunagingiova.ro\/wp-content\/uploads\/2024\/05\/HOT-BEC-12-13.05.2024.pdf\">HOT BEC 12-13.05.2024<\/a><br \/>\n<a href=\"https:\/\/comunagingiova.ro\/wp-content\/uploads\/2024\/05\/Dispozitia-93-09.05.2024-delimitarea-si-numerotarea-sectiilor-de-votare.pdf\">Dispozitia 93-09.05.2024-delimitarea \u0219i numerotarea sectiilor de votare<\/a><br \/>\n<a href=\"https:\/\/comunagingiova.ro\/wp-content\/uploads\/2024\/05\/Proces-verbal-tragere-sorti-stabilire-nr-ordine-de-pe-buletinele-de-vot.pdf\">Proces verbal tragere sor\u021bi stabilire nr ordine de pe buletinele de vot<\/a><br \/>\n<a href=\".\/pdf\/2024\/Proces verbal 08.05.2024.pdf\">Proces verbal 08.05.2024.pdf<\/a><br \/>\n<a href=\".\/pdf\/2024\/HOT BEC 51 NR 11-30.04.2024.pdf\">HOT BEC 51 NR 11-30.04.2024.pdf<\/a><br \/>\n<a href=\".\/pdf\/2024\/HOT BEC 51 NR 10-30.04.2024.pdf\">HOT BEC 51 NR 10-30.04.2024.pdf<\/a><br \/>\n<a href=\".\/pdf\/2024\/HOT BEC 51 NR 9-29.04.2024.pdf\">HOT BEC 51 NR 9-27.04.2024.pdf<\/a><br \/>\n<a href=\".\/pdf\/2024\/HOT BEC 51 NR 8-27.04.2024.pdf\">HOT BEC 51 NR 8-27.04.2024.pdf<\/a><br \/>\n<a href=\".\/pdf\/2024\/HOT BEC 51 NR 7-27.04.2024.pdf\">HOT BEC 51 NR 7-27.04.2024.pdf<\/a><br \/>\n<a href=\".\/pdf\/2024\/HOT BEC 51 NR 6-27.04.2024.pdf\">HOT BEC 51 NR 6-27.04.2024.pdf<\/a><br \/>\n<a href=\".\/pdf\/2024\/HOT BEC 51 NR 5-27.04.2024.pdf\">HOT BEC 51 NR 5-27.04.2024.pdf<\/a><br \/>\n<a href=\".\/pdf\/2024\/HOT BEC 51 NR 4-27.04.2024.pdf\">HOT BEC 51 NR 4-27.04.2024.pdf<\/a><br \/>\n<a href=\".\/pdf\/2024\/HOT BEC 51 NR 3-27.04.2024.pdf\">HOT BEC 51 NR 3-27.04.2024.pdf<\/a><br \/>\n<a href=\".\/pdf\/2024\/HOT BEC 51 NR 2-27.04.2024.pdf\">HOT BEC 51 NR 2-27.04.2024.pdf<\/a><\/p>\n","protected":false},"excerpt":{"rendered":"<p>Hot\u0103r\u00e2rea 22-05.06.2024 ACREDITARE Hot\u0103r\u00e2rea 21-31.05.2024 Hot\u0103r\u00e2rea 20-31.05.2024 HOT 19-25.05.2024-Inlocuire reprezentant PNL.pdf HOT 18-25.05.2024-Respingere contestatie.pdf HOT 17-24.05.2024.pdf PV completare BESV 354 PV completare BESV 353 Hotar\u0103rea 16-22.05.2024 Hot\u0103r\u00e2rea 15-22.05.2024 Hotar\u00e2rea 13-14.05.2024-Solutionare pl\u00e2ngere HOT BEC 12-13.05.2024 Dispozitia 93-09.05.2024-delimitarea \u0219i numerotarea sectiilor de votare Proces verbal tragere sor\u021bi stabilire nr ordine de pe buletinele de vot Proces verbal &hellip; <a href=\"https:\/\/comunagingiova.ro\/?page_id=2240\" class=\"more-link\">Continue reading <span class=\"screen-reader-text\">Alegeri 2024<\/span> <span class=\"meta-nav\">&rarr;<\/span><\/a><\/p>\n","protected":false},"author":2,"featured_media":0,"parent":0,"menu_order":0,"comment_status":"closed","ping_status":"closed","template":"","meta":{"footnotes":""},"class_list":["post-2240","page","type-page","status-publish","hentry"],"_links":{"self":[{"href":"https:\/\/comunagingiova.ro\/index.php?rest_route=\/wp\/v2\/pages\/2240","targetHints":{"allow":["GET"]}}],"collection":[{"href":"https:\/\/comunagingiova.ro\/index.php?rest_route=\/wp\/v2\/pages"}],"about":[{"href":"https:\/\/comunagingiova.ro\/index.php?rest_route=\/wp\/v2\/types\/page"}],"author":[{"embeddable":true,"href":"https:\/\/comunagingiova.ro\/index.php?rest_route=\/wp\/v2\/users\/2"}],"replies":[{"embeddable":true,"href":"https:\/\/comunagingiova.ro\/index.php?rest_route=%2Fwp%2Fv2%2Fcomments&post=2240"}],"version-history":[{"count":15,"href":"https:\/\/comunagingiova.ro\/index.php?rest_route=\/wp\/v2\/pages\/2240\/revisions"}],"predecessor-version":[{"id":2286,"href":"https:\/\/comunagingiova.ro\/index.php?rest_route=\/wp\/v2\/pages\/2240\/revisions\/2286"}],"wp:attachment":[{"href":"https:\/\/comunagingiova.ro\/index.php?rest_route=%2Fwp%2Fv2%2Fmedia&parent=2240"}],"curies":[{"name":"wp","href":"https:\/\/api.w.org\/{rel}","templated":true}]}}