{"id":38,"date":"2011-04-06T16:02:06","date_gmt":"2011-04-06T16:02:06","guid":{"rendered":".\/?page_id=38"},"modified":"2011-04-26T11:30:07","modified_gmt":"2011-04-26T11:30:07","slug":"economie","status":"publish","type":"page","link":"https:\/\/comunagingiova.ro\/?page_id=38","title":{"rendered":"Economie"},"content":{"rendered":"<table border=\"0\" cellspacing=\"0\" cellpadding=\"2\" width=\"100%\">\n<tbody>\n<tr>\n<td><strong>Activitati specifice zonei:<\/strong><\/td>\n<td>Agricultur\u0103<br \/>\nCultur\u0103 de cereale \u015fi plante tehnice<br \/>\nCre\u015fterea animalelor: bovine, ovine \u015fi porcine<br \/>\nApicultur\u0103<br \/>\nPescuit<\/td>\n<\/tr>\n<tr>\n<td bgcolor=\"#c8e9fe\"><strong>Activitati economice principale:<\/strong><\/td>\n<td bgcolor=\"#c8e9fe\">Comer\u0163<br \/>\nAgricultur\u0103<\/td>\n<\/tr>\n<\/tbody>\n<\/table>\n","protected":false},"excerpt":{"rendered":"<p>Activitati specifice zonei: Agricultur\u0103 Cultur\u0103 de cereale \u015fi plante tehnice Cre\u015fterea animalelor: bovine, ovine \u015fi porcine Apicultur\u0103 Pescuit Activitati economice principale: Comer\u0163 Agricultur\u0103<\/p>\n","protected":false},"author":2,"featured_media":0,"parent":264,"menu_order":0,"comment_status":"closed","ping_status":"closed","template":"","meta":{"footnotes":""},"class_list":["post-38","page","type-page","status-publish","hentry"],"_links":{"self":[{"href":"https:\/\/comunagingiova.ro\/index.php?rest_route=\/wp\/v2\/pages\/38","targetHints":{"allow":["GET"]}}],"collection":[{"href":"https:\/\/comunagingiova.ro\/index.php?rest_route=\/wp\/v2\/pages"}],"about":[{"href":"https:\/\/comunagingiova.ro\/index.php?rest_route=\/wp\/v2\/types\/page"}],"author":[{"embeddable":true,"href":"https:\/\/comunagingiova.ro\/index.php?rest_route=\/wp\/v2\/users\/2"}],"replies":[{"embeddable":true,"href":"https:\/\/comunagingiova.ro\/index.php?rest_route=%2Fwp%2Fv2%2Fcomments&post=38"}],"version-history":[{"count":8,"href":"https:\/\/comunagingiova.ro\/index.php?rest_route=\/wp\/v2\/pages\/38\/revisions"}],"predecessor-version":[{"id":670,"href":"https:\/\/comunagingiova.ro\/index.php?rest_route=\/wp\/v2\/pages\/38\/revisions\/670"}],"up":[{"embeddable":true,"href":"https:\/\/comunagingiova.ro\/index.php?rest_route=\/wp\/v2\/pages\/264"}],"wp:attachment":[{"href":"https:\/\/comunagingiova.ro\/index.php?rest_route=%2Fwp%2Fv2%2Fmedia&parent=38"}],"curies":[{"name":"wp","href":"https:\/\/api.w.org\/{rel}","templated":true}]}}