{"id":392,"date":"2011-04-07T08:20:20","date_gmt":"2011-04-07T08:20:20","guid":{"rendered":"http:\/\/.\/?page_id=392"},"modified":"2026-03-31T12:45:38","modified_gmt":"2026-03-31T12:45:38","slug":"pagina-principala","status":"publish","type":"page","link":"https:\/\/comunagingiova.ro\/","title":{"rendered":"Pagina principala"},"content":{"rendered":"<table border=\"0\" width=\"100%\" cellspacing=\"0\" cellpadding=\"0\">\n<tbody>\n<tr>\n<td width=\"39%\"><strong>Adresa: <\/strong><\/td>\n<td width=\"61%\">Comuna G\u00eengiova, str. Principal\u0103 nr.\u00a0\u00a0346<\/td>\n<\/tr>\n<tr>\n<td><strong>Localitatea: <\/strong><\/td>\n<td>G\u00eengiova<\/td>\n<\/tr>\n<tr>\n<td><strong>Judet: <\/strong><\/td>\n<td>Dolj<\/td>\n<\/tr>\n<tr>\n<td><strong>Tara<\/strong><strong>:<\/strong><\/td>\n<td>Romania<\/td>\n<\/tr>\n<tr>\n<td><strong>Cod postal: <\/strong><\/td>\n<td>207275<\/td>\n<\/tr>\n<tr>\n<td><strong>Telefon:<\/strong><\/td>\n<td>0251-351505<\/td>\n<\/tr>\n<tr>\n<td><strong>Fax: <\/strong><\/td>\n<td>0251-351505<\/td>\n<\/tr>\n<tr>\n<td><strong>URL: <\/strong><\/td>\n<td><a href=\"https:\/\/comunagingiova.ro\/\">https:\/\/comunagingiova.ro\/<\/a><\/td>\n<\/tr>\n<tr>\n<td><strong>Adresa de e-mail: <\/strong><\/td>\n<td><a href=\"mailto:primariagingiova@yahoo.com\">primariagingiova@yahoo.com<\/a><\/td>\n<\/tr>\n<\/tbody>\n<\/table>\n<p><a href=\"https:\/\/comunagingiova.ro\/wp-content\/uploads\/2026\/03\/Cerere-VMI-2026.docx\">Cerere-VMI 2026<\/a><\/p>\n<p>17.02.2026 <a href=\"https:\/\/comunagingiova.ro\/wp-content\/uploads\/2026\/02\/Masuri-auxiliare-proiect-asigurare-alimente-de-baza-mese-calde.pdf\">Masuri auxiliare proiect asigurare alimente de baza mese calde<\/a><\/p>\n<p><a href=\"https:\/\/comunagingiova.ro\/wp-content\/uploads\/2026\/02\/COMUNICAT.pdf\">12.02.2026 COMUNICAT<\/a><\/p>\n<p>&nbsp;<\/p>\n<p><a href=\"https:\/\/comunagingiova.ro\/wp-content\/uploads\/2025\/08\/afis-aug35-nemodificat.jpg\"><img loading=\"lazy\" decoding=\"async\" class=\"alignleft size-medium wp-image-2489\" src=\"https:\/\/comunagingiova.ro\/wp-content\/uploads\/2025\/08\/afis-aug35-nemodificat-212x300.jpg\" alt=\"\" width=\"212\" height=\"300\" srcset=\"https:\/\/comunagingiova.ro\/wp-content\/uploads\/2025\/08\/afis-aug35-nemodificat-212x300.jpg 212w, https:\/\/comunagingiova.ro\/wp-content\/uploads\/2025\/08\/afis-aug35-nemodificat-724x1024.jpg 724w, https:\/\/comunagingiova.ro\/wp-content\/uploads\/2025\/08\/afis-aug35-nemodificat-768x1086.jpg 768w, https:\/\/comunagingiova.ro\/wp-content\/uploads\/2025\/08\/afis-aug35-nemodificat-1086x1536.jpg 1086w, https:\/\/comunagingiova.ro\/wp-content\/uploads\/2025\/08\/afis-aug35-nemodificat.jpg 1414w\" sizes=\"auto, (max-width: 212px) 100vw, 212px\" \/><\/a> <a href=\"https:\/\/comunagingiova.ro\/wp-content\/uploads\/2025\/08\/flyer-14.08.png\"><img loading=\"lazy\" decoding=\"async\" class=\"alignleft size-medium wp-image-2490\" src=\"https:\/\/comunagingiova.ro\/wp-content\/uploads\/2025\/08\/flyer-14.08-212x300.png\" alt=\"\" width=\"212\" height=\"300\" srcset=\"https:\/\/comunagingiova.ro\/wp-content\/uploads\/2025\/08\/flyer-14.08-212x300.png 212w, https:\/\/comunagingiova.ro\/wp-content\/uploads\/2025\/08\/flyer-14.08-724x1024.png 724w, https:\/\/comunagingiova.ro\/wp-content\/uploads\/2025\/08\/flyer-14.08-768x1086.png 768w, https:\/\/comunagingiova.ro\/wp-content\/uploads\/2025\/08\/flyer-14.08-1086x1536.png 1086w, https:\/\/comunagingiova.ro\/wp-content\/uploads\/2025\/08\/flyer-14.08.png 1414w\" sizes=\"auto, (max-width: 212px) 100vw, 212px\" \/><\/a><\/p>\n<p>&nbsp;<\/p>\n<p>&nbsp;<\/p>\n<p><strong>ANUNT!!!!<br \/><\/strong><\/p>\n<p>Prim\u0103ria G\u00c2NG\u0130OVA face urm\u0103torul anun\u021b de interes general:<\/p>\n<p>S\u00c2MB\u0102T\u0102 24.02.a.c.,o echip\u0103 de ingineri optometri\u0219ti se va afla \u00een COMUNA NOSTR\u0102, \u00een intervalul orar 10:00 &#8211; 17:00, pentru a oferi consulta\u021bii oftalmologice gratuite \u0219i pentru a prelua comenzi de ochelari, la cerere. <br \/>Programul este urm\u0103torul:<br \/>* \u00eentre orele 10:00 &#8211; 11:30, echipa de optometri\u0219ti \u0219i laboratorul mobil se vor afla \u00een zona Prim\u0103riei. <br \/>* \u00eentre orele 11:30 &#8211; 17:00, echipa de optometri\u0219ti \u0219i laboratorul mobil se vor deplasa pe str\u0103zile din COMUN\u0102 <br \/>Pentru program\u0103ri la domiciliu, persoanele interesate pot suna la num\u0103rul de telefon 0728945793 COSM\u0130N. De asemenea, se pot cump\u0103ra ochelari, dup\u0103 consulta\u021bie.<\/p>\n<p><strong>\u00a0<\/strong><\/p>\n<p><a href=\"https:\/\/comunagingiova.ro\/wp-content\/uploads\/2024\/04\/Adresa-4587-Prefectura-Dolj.pdf\">Adresa 4587-Prefectura Dolj<\/a><\/p>\n<ul><!-- \n\n\n\n\n\n\n\n<li><a href=\"https:\/\/comunagingiova.ro\/wp-content\/uploads\/2024\/04\/Adresa-primarii.pdf\">Adresa - primarii<\/a><\/li>\n\n\n\n\n\n\n\n -->\n<li><a href=\"https:\/\/comunagingiova.ro\/wp-content\/uploads\/2024\/04\/Comunicat-de-presa-PNRR-Fonduri-pentru-Romania-moderna-si-reformata.pdf\">Comunicat de presa ,,PNRR Fonduri pentru Rom\u00e2nia modern\u0103 \u0219i reformat\u0103!\u201d<\/a><\/li>\n<\/ul>\n<p><a href=\".\/wp-content\/uploads\/2023\/02\/informare-SGR.pdf\">INFORMARE PRIVIND SISTEMUL DE GARANTIE-RETURNARE PENTRU AMBALAJELE PRIMARE NEREUTILIZABILE<\/a><\/p>\n\n\n<figure class=\"wp-block-image size-large\"><img loading=\"lazy\" decoding=\"async\" width=\"1024\" height=\"576\" src=\"https:\/\/comunagingiova.ro\/wp-content\/uploads\/2023\/02\/RetuRO_inregistrare_baza_date_SGR-1024x576.png\" alt=\"\" class=\"wp-image-1993\" srcset=\"https:\/\/comunagingiova.ro\/wp-content\/uploads\/2023\/02\/RetuRO_inregistrare_baza_date_SGR-1024x576.png 1024w, https:\/\/comunagingiova.ro\/wp-content\/uploads\/2023\/02\/RetuRO_inregistrare_baza_date_SGR-300x169.png 300w, https:\/\/comunagingiova.ro\/wp-content\/uploads\/2023\/02\/RetuRO_inregistrare_baza_date_SGR-768x432.png 768w, https:\/\/comunagingiova.ro\/wp-content\/uploads\/2023\/02\/RetuRO_inregistrare_baza_date_SGR-1536x864.png 1536w, https:\/\/comunagingiova.ro\/wp-content\/uploads\/2023\/02\/RetuRO_inregistrare_baza_date_SGR-2048x1152.png 2048w\" sizes=\"auto, (max-width: 1024px) 100vw, 1024px\" \/><figcaption class=\"wp-element-caption\"><strong><a href=\".\/wp-content\/uploads\/2023\/02\/inregistrare-SGR.pdf\">Produc\u0103torii \u0219i comercian\u021bii de b\u0103uturi trebuie s\u0103 se \u00eenregistreze \u00een baza de date a Sistemului de Garan\u021bie-Returnare (SGR) p\u00e2n\u0103 pe 28 februarie<\/a><\/strong><\/figcaption><\/figure>\n\n\n<p>ANUN\u021a DE INTERES PUBLIC<\/p>\n<p>Conform H.G. 714 \/ 2022 privind aprobarea Criteriilor pentru autorizarea, construc\u021bia, \u00eenscrierea, controlul, exploatarea \u0219i \u00eentre\u021binerea sistemelor individuale adecvate de colectare \u0219i epurare a apelor uzate, v\u0103 inform\u0103m c\u0103 la nivelul UAT GANGIOVA s-a constituit REGISTRUL DE EVIDEN\u021a\u0102 A SISTEMELOR INDIVIDUALE ADECVATE DE COLECTARE SI EPURARE A APELOR UZATE.<br \/>Proprietarul spa\u021biilor conectate la sistemul individual adecvat de epurare are obliga\u021bia s\u0103 \u00eenscrie sistemul de epurare \u00een registrul autorit\u0103\u021bii publice locale pentru eviden\u021ba unor astfel de sisteme la sediul prim\u0103riei, \u2013 Serviciul de utilit\u0103\u021bi de ap\u0103 .<\/p>\n<\/p>\n<p><a href=\"https:\/\/comunagingiova.ro\/wp-content\/uploads\/2022\/03\/flayer-deseuri.pdf\">CUM COLECTAM CORECT DESEURILE<\/a><\/p>\n<p><a href=\"https:\/\/www.iridexsalubrizare.ro\/calendar\/GANGIOVA-jud.-DOLJ\">CALENDARUL DE RIDICARE A DESEURILOR PE ANUL 2022<\/a><\/p>\n<\/p>\n\n\n<p><\/p>\n","protected":false},"excerpt":{"rendered":"<p>Adresa: Comuna G\u00eengiova, str. Principal\u0103 nr.\u00a0\u00a0346 Localitatea: G\u00eengiova Judet: Dolj Tara: Romania Cod postal: 207275 Telefon: 0251-351505 Fax: 0251-351505 URL: https:\/\/comunagingiova.ro\/ Adresa de e-mail: primariagingiova@yahoo.com Cerere-VMI 2026 17.02.2026 Masuri auxiliare proiect asigurare alimente de baza mese calde 12.02.2026 COMUNICAT &nbsp; &nbsp; &nbsp; ANUNT!!!! Prim\u0103ria G\u00c2NG\u0130OVA face urm\u0103torul anun\u021b de interes general: S\u00c2MB\u0102T\u0102 24.02.a.c.,o echip\u0103 de &hellip; <a href=\"https:\/\/comunagingiova.ro\/\" class=\"more-link\">Continue reading <span class=\"screen-reader-text\">Pagina principala<\/span> <span class=\"meta-nav\">&rarr;<\/span><\/a><\/p>\n","protected":false},"author":2,"featured_media":0,"parent":0,"menu_order":0,"comment_status":"closed","ping_status":"closed","template":"","meta":{"footnotes":""},"class_list":["post-392","page","type-page","status-publish","hentry"],"_links":{"self":[{"href":"https:\/\/comunagingiova.ro\/index.php?rest_route=\/wp\/v2\/pages\/392","targetHints":{"allow":["GET"]}}],"collection":[{"href":"https:\/\/comunagingiova.ro\/index.php?rest_route=\/wp\/v2\/pages"}],"about":[{"href":"https:\/\/comunagingiova.ro\/index.php?rest_route=\/wp\/v2\/types\/page"}],"author":[{"embeddable":true,"href":"https:\/\/comunagingiova.ro\/index.php?rest_route=\/wp\/v2\/users\/2"}],"replies":[{"embeddable":true,"href":"https:\/\/comunagingiova.ro\/index.php?rest_route=%2Fwp%2Fv2%2Fcomments&post=392"}],"version-history":[{"count":33,"href":"https:\/\/comunagingiova.ro\/index.php?rest_route=\/wp\/v2\/pages\/392\/revisions"}],"predecessor-version":[{"id":2661,"href":"https:\/\/comunagingiova.ro\/index.php?rest_route=\/wp\/v2\/pages\/392\/revisions\/2661"}],"wp:attachment":[{"href":"https:\/\/comunagingiova.ro\/index.php?rest_route=%2Fwp%2Fv2%2Fmedia&parent=392"}],"curies":[{"name":"wp","href":"https:\/\/api.w.org\/{rel}","templated":true}]}}